{"id":19,"date":"2023-06-02T16:53:33","date_gmt":"2023-06-02T16:53:33","guid":{"rendered":"https:\/\/reformfisio.com\/?page_id=19"},"modified":"2024-09-10T14:34:41","modified_gmt":"2024-09-10T14:34:41","slug":"physiotherapy","status":"publish","type":"page","link":"https:\/\/reformfisio.com\/it\/physiotherapy\/","title":{"rendered":"Fisioterapia"},"content":{"rendered":"<div style=\"height:23px\" aria-hidden=\"true\" class=\"wp-block-spacer\"><\/div>\n\n\n\n<div class=\"wp-block-columns is-layout-flex wp-container-core-columns-is-layout-9d6595d7 wp-block-columns-is-layout-flex\">\n<div class=\"wp-block-column is-layout-flow wp-block-column-is-layout-flow\"><div class=\"wp-block-image\">\n<figure class=\"aligncenter size-full is-resized\"><img loading=\"lazy\" decoding=\"async\" width=\"512\" height=\"512\" src=\"https:\/\/reformfisio.com\/wp-content\/uploads\/2023\/05\/Rehabilitation-upper-limb-with-weights-older-male.jpg\" alt=\"\" class=\"wp-image-170\" style=\"width:324px;height:auto\" srcset=\"https:\/\/reformfisio.com\/wp-content\/uploads\/2023\/05\/Rehabilitation-upper-limb-with-weights-older-male.jpg 512w, https:\/\/reformfisio.com\/wp-content\/uploads\/2023\/05\/Rehabilitation-upper-limb-with-weights-older-male-300x300.jpg 300w, https:\/\/reformfisio.com\/wp-content\/uploads\/2023\/05\/Rehabilitation-upper-limb-with-weights-older-male-150x150.jpg 150w\" sizes=\"auto, (max-width: 512px) 100vw, 512px\" \/><\/figure>\n<\/div><\/div>\n\n\n\n<div class=\"wp-block-column is-layout-flow wp-block-column-is-layout-flow\"><span class='mb-center maxbutton-1-center'><span class='maxbutton-1-container mb-container'><a class=\"maxbutton-1 maxbutton maxbutton-book-now\" target=\"_blank\" rel=\"noopener\" href=\"https:\/\/reformfisio.com\/it\/contact-us\/\"><span class='mb-text'>PRENOTA ORA<\/span><\/a><\/span><\/span>\n\n\n<div style=\"height:50px\" aria-hidden=\"true\" class=\"wp-block-spacer\"><\/div>\n\n\n\n<p>Il fisioterapista \u00e8 una figura professionale finalizzata alla prevenzione, cura e riabilitazione dei disordini dell\u2019apparato muscolo-scheletrico. La sua attivit\u00e0 \u00e8 rivolta alla riduzione della sintomatologia algica e non solo, al ripristino del movimento e della flessibilit\u00e0, al miglioramento della postura.<\/p>\n<\/div>\n\n\n\n<div class=\"wp-block-column is-layout-flow wp-block-column-is-layout-flow\"><div class=\"wp-block-image\">\n<figure class=\"aligncenter size-full is-resized\"><img loading=\"lazy\" decoding=\"async\" width=\"512\" height=\"512\" src=\"https:\/\/reformfisio.com\/wp-content\/uploads\/2023\/05\/Gait-re-education-with-crutches.jpg\" alt=\"\" class=\"wp-image-117\" style=\"width:324px;height:auto\" srcset=\"https:\/\/reformfisio.com\/wp-content\/uploads\/2023\/05\/Gait-re-education-with-crutches.jpg 512w, https:\/\/reformfisio.com\/wp-content\/uploads\/2023\/05\/Gait-re-education-with-crutches-300x300.jpg 300w, https:\/\/reformfisio.com\/wp-content\/uploads\/2023\/05\/Gait-re-education-with-crutches-150x150.jpg 150w\" sizes=\"auto, (max-width: 512px) 100vw, 512px\" \/><\/figure>\n<\/div><\/div>\n<\/div>\n\n\n\n<h2 class=\"wp-block-heading has-text-align-center\">Quali problemi possono essere trattati?<\/h2>\n\n\n\n<div style=\"height:30px\" aria-hidden=\"true\" class=\"wp-block-spacer\"><\/div>\n\n\n\n<div class=\"wp-block-columns is-layout-flex wp-container-core-columns-is-layout-9d6595d7 wp-block-columns-is-layout-flex\">\n<div class=\"wp-block-column is-layout-flow wp-block-column-is-layout-flow\">\n<ul class=\"wp-block-list\">\n<li>Lombalgia e dorsalgia<\/li>\n\n\n\n<li>Cervicalgia e mal di testa<\/li>\n\n\n\n<li>Ernia del disco<\/li>\n\n\n\n<li>Dolore alla spalla<\/li>\n\n\n\n<li>Gonalgia<\/li>\n\n\n\n<li>Dolore cronico e stanchezza<\/li>\n\n\n\n<li>Lesioni muscolari<\/li>\n\n\n\n<li>Post chirurgia ortopedica<\/li>\n\n\n\n<li>Problemi posturali<\/li>\n\n\n\n<li>Disfunzioni del pavimento pelvico, come incontinenza o diastasi<\/li>\n\n\n\n<li>Condizioni legate alla gravidanza<\/li>\n\n\n\n<li>Condizioni di salute delle donne, come l'endometriosi<\/li>\n<\/ul>\n<\/div>\n\n\n\n<div class=\"wp-block-column is-layout-flow wp-block-column-is-layout-flow\">\n<figure class=\"wp-block-image size-full is-resized\"><img loading=\"lazy\" decoding=\"async\" width=\"512\" height=\"512\" src=\"https:\/\/reformfisio.com\/wp-content\/uploads\/2023\/05\/X-ray-pain-points.jpg\" alt=\"\" class=\"wp-image-90\" style=\"width:384px;height:384px\" srcset=\"https:\/\/reformfisio.com\/wp-content\/uploads\/2023\/05\/X-ray-pain-points.jpg 512w, https:\/\/reformfisio.com\/wp-content\/uploads\/2023\/05\/X-ray-pain-points-300x300.jpg 300w, https:\/\/reformfisio.com\/wp-content\/uploads\/2023\/05\/X-ray-pain-points-150x150.jpg 150w\" sizes=\"auto, (max-width: 512px) 100vw, 512px\" \/><\/figure>\n<\/div>\n\n\n\n<div class=\"wp-block-column is-layout-flow wp-block-column-is-layout-flow\">\n<ul class=\"wp-block-list\">\n<li>Disfunzioni del tendine, come la tendinopatia di Achille o l'epicondilite<\/li>\n\n\n\n<li>Problemi articolari come artrite e la spalla congelata\/capsulite adesiva<\/li>\n\n\n\n<li>Alterazioni linfatiche, come gonfiore localizzato<\/li>\n\n\n\n<li>Dolore ai nervi, come la sciatica o un nervo intrappolato<\/li>\n\n\n\n<li>Patologie neurologiche, compreso l'ictus e la Sclerosi Multipla<\/li>\n\n\n\n<li>Osteoporosi\/Osteopenia<\/li>\n\n\n\n<li>Condizioni respiratorie, come la fibrosi cistica e la broncopneumopatia cronica ostruttiva<\/li>\n\n\n\n<li>Disturbi dello sviluppo<\/li>\n<\/ul>\n<\/div>\n<\/div>\n\n\n\n<h2 class=\"wp-block-heading has-text-align-center\">Quali trattamenti offrono i nostri fisioterapisti?<\/h2>\n\n\n\n<div style=\"height:30px\" aria-hidden=\"true\" class=\"wp-block-spacer\"><\/div>\n\n\n\n<div class=\"wp-block-columns is-layout-flex wp-container-core-columns-is-layout-9d6595d7 wp-block-columns-is-layout-flex\">\n<div class=\"wp-block-column is-layout-flow wp-block-column-is-layout-flow\" style=\"flex-basis:100%\">\n<div class=\"wp-block-group\"><div class=\"wp-block-group__inner-container is-layout-constrained wp-block-group-is-layout-constrained\">\n<div class=\"wp-block-columns is-layout-flex wp-container-core-columns-is-layout-9d6595d7 wp-block-columns-is-layout-flex\">\n<div class=\"wp-block-column is-layout-flow wp-block-column-is-layout-flow\" style=\"flex-basis:33.33%\"><div class=\"wp-block-image\">\n<figure class=\"aligncenter size-full is-resized\"><img loading=\"lazy\" decoding=\"async\" width=\"512\" height=\"512\" src=\"https:\/\/reformfisio.com\/wp-content\/uploads\/2023\/05\/Pilates-rehabilitation-with-ball-male.jpg\" alt=\"\" class=\"wp-image-149\" style=\"width:324px;height:auto\" srcset=\"https:\/\/reformfisio.com\/wp-content\/uploads\/2023\/05\/Pilates-rehabilitation-with-ball-male.jpg 512w, https:\/\/reformfisio.com\/wp-content\/uploads\/2023\/05\/Pilates-rehabilitation-with-ball-male-300x300.jpg 300w, https:\/\/reformfisio.com\/wp-content\/uploads\/2023\/05\/Pilates-rehabilitation-with-ball-male-150x150.jpg 150w\" sizes=\"auto, (max-width: 512px) 100vw, 512px\" \/><\/figure>\n<\/div>\n\n<div class=\"wp-block-image\">\n<figure class=\"aligncenter size-full is-resized\"><img loading=\"lazy\" decoding=\"async\" width=\"512\" height=\"512\" src=\"https:\/\/reformfisio.com\/wp-content\/uploads\/2023\/05\/Lower-back-treatment.jpg\" alt=\"\" class=\"wp-image-129\" style=\"width:334px;height:auto\" srcset=\"https:\/\/reformfisio.com\/wp-content\/uploads\/2023\/05\/Lower-back-treatment.jpg 512w, https:\/\/reformfisio.com\/wp-content\/uploads\/2023\/05\/Lower-back-treatment-300x300.jpg 300w, https:\/\/reformfisio.com\/wp-content\/uploads\/2023\/05\/Lower-back-treatment-150x150.jpg 150w\" sizes=\"auto, (max-width: 512px) 100vw, 512px\" \/><\/figure>\n<\/div><\/div>\n\n\n\n<div class=\"wp-block-column is-layout-flow wp-block-column-is-layout-flow\">\n<ul class=\"wp-block-list\">\n<li>Terapia manuale<\/li>\n\n\n\n<li>Massaggio<\/li>\n\n\n\n<li>Massaggio linfodrenante<\/li>\n\n\n\n<li>Trigger Point<\/li>\n\n\n\n<li>Mobilizzazione delle articolazioni<\/li>\n\n\n\n<li>Ginnastica posturale<\/li>\n\n\n\n<li>Rinforzo muscolare<\/li>\n\n\n\n<li>Esercizi propriocettivi<\/li>\n\n\n\n<li>Esercizi di McKenzie<\/li>\n\n\n\n<li>Pilates<\/li>\n\n\n\n<li>Kinesiology taping<\/li>\n\n\n\n<li>Riabilitazione cardiovascolare<\/li>\n\n\n\n<li>Rieducazione alla deambulazione<\/li>\n\n\n\n<li>Crioterapia<\/li>\n\n\n\n<li>Uso di ausili per la mobilit\u00e0<\/li>\n\n\n\n<li>Elettroterapia, come TENS<\/li>\n<\/ul>\n\n\n\n<p>Tutti i trattamenti sono progettati per consentire al paziente di migliorare le proprie capacit\u00e0 e partecipare attivamente alla propria riabilitazione. I nostri terapisti personalizzano sempre un programma per ciascun paziente da svolgere a casa per garantire che il loro recupero sia il pi\u00f9 rapido possibile.<\/p>\n<\/div>\n\n\n\n<div class=\"wp-block-column is-layout-flow wp-block-column-is-layout-flow\" style=\"flex-basis:33.33%\"><div class=\"wp-block-image\">\n<figure class=\"aligncenter size-full is-resized\"><img loading=\"lazy\" decoding=\"async\" width=\"512\" height=\"512\" src=\"https:\/\/reformfisio.com\/wp-content\/uploads\/2023\/05\/Shoulder-k-tape-3-colours.jpg\" alt=\"\" class=\"wp-image-174\" style=\"width:324px;height:auto\" srcset=\"https:\/\/reformfisio.com\/wp-content\/uploads\/2023\/05\/Shoulder-k-tape-3-colours.jpg 512w, https:\/\/reformfisio.com\/wp-content\/uploads\/2023\/05\/Shoulder-k-tape-3-colours-300x300.jpg 300w, https:\/\/reformfisio.com\/wp-content\/uploads\/2023\/05\/Shoulder-k-tape-3-colours-150x150.jpg 150w\" sizes=\"auto, (max-width: 512px) 100vw, 512px\" \/><\/figure>\n<\/div>\n\n<div class=\"wp-block-image\">\n<figure class=\"aligncenter size-full is-resized\"><img loading=\"lazy\" decoding=\"async\" width=\"512\" height=\"512\" src=\"https:\/\/reformfisio.com\/wp-content\/uploads\/2023\/05\/Shoulder-treatment-female.jpg\" alt=\"\" class=\"wp-image-178\" style=\"width:334px;height:auto\" srcset=\"https:\/\/reformfisio.com\/wp-content\/uploads\/2023\/05\/Shoulder-treatment-female.jpg 512w, https:\/\/reformfisio.com\/wp-content\/uploads\/2023\/05\/Shoulder-treatment-female-300x300.jpg 300w, https:\/\/reformfisio.com\/wp-content\/uploads\/2023\/05\/Shoulder-treatment-female-150x150.jpg 150w\" sizes=\"auto, (max-width: 512px) 100vw, 512px\" \/><\/figure>\n<\/div><\/div>\n<\/div>\n<\/div><\/div>\n<\/div>\n<\/div>\n\n\n\n<h2 class=\"wp-block-heading has-text-align-center\">Come fissare un appuntamento?<\/h2>\n\n\n\n<p>Puoi fissare il tuo primo appuntamento inviando un messaggio via WhatsApp o telefonando al +39 378 067 2299 per prenotare con un nostro fisioterapista. Potrebbero esserti richieste alcune informazioni sulle tue condizioni cos\u00ec da affidarti il terapista pi\u00f9 adatto. Non \u00e8 necessaria una consulenza medica precedente alla nostra visita. Ti verranno inoltre richiesti i tuoi dati di contatto e fiscali per consentirci di fissare il tuo appuntamento e preparare la tua fattura.<\/p>\n\n\n\n<h2 class=\"wp-block-heading has-text-align-center\">Cosa aspettarsi dal primo appuntamento<\/h2>\n\n\n\n<div class=\"wp-block-columns is-layout-flex wp-container-core-columns-is-layout-9d6595d7 wp-block-columns-is-layout-flex\">\n<div class=\"wp-block-column is-layout-flow wp-block-column-is-layout-flow\" style=\"flex-basis:66.66%\">\n<p>Durante il tuo appuntamento il tuo terapista:<\/p>\n\n\n\n<ul class=\"wp-block-list\">\n<li>verifica i tuoi dati personali<\/li>\n\n\n\n<li>completa il modulo di consenso informato con te<\/li>\n\n\n\n<li>ricerca il quadro clinico completo<\/li>\n\n\n\n<li>consulta la documentazione medica, comprese eventuali indagini o visite specialistiche<\/li>\n\n\n\n<li>effettua una valutazione approfondita della tua condizione<\/li>\n\n\n\n<li>educa il paziente e ti propone le tipologie di trattamento adatte all'ottenimento dei tuoi obiettivi<\/li>\n\n\n\n<li>inizia il tuo trattamento<\/li>\n\n\n\n<li>ti fornisce informazioni, consigli ed esercizi da eseguire dopo il trattamento<\/li>\n\n\n\n<li>decide con te se \u00e8 necessario programmare ulteriori appuntamenti<\/li>\n<\/ul>\n\n\n\n<p>Ti consigliamo di portare con te la documentazione inerente la tua condizione attuale e indossare indumenti ampi e comodi, adatti indumenti adatti alla valutazione. Durante la visita \u00e8 possibile che ti venga chiesto di rimuovere alcuni capi per consentire al fisioterapista una migliore visione della postura e dei movimenti, ed eventuali segni quali gonfiore, lividi e cambiamenti di colore o per consentire l'esecuzione di alcuni trattaenti. Il tuo fisioterapista modificher\u00e0 il suo approccio per assicurarti di sentirti a tuo agio durante l'intero processo, quindi non esitare a comunicargli i tuoi stati d'animo o se preferisci non fare qualcosa che ti viene chiesto.<\/p>\n\n\n\n<p>Il tuo fisioterapista spiegher\u00e0 tutto ci\u00f2 che sta facendo e sei incoraggiato a porre qualsiasi domanda.<\/p>\n\n\n\n<p>\u00c8 possibile avvertire dolore in seguito al trattamento. Nel caso in cui questo ti desti dubbi o preoccupazioni potresti contattare la clinica per ulteriori consigli e supporto.<\/p>\n\n\n<span class='mb-center maxbutton-1-center'><span class='maxbutton-1-container mb-container'><a class=\"maxbutton-1 maxbutton maxbutton-book-now\" target=\"_blank\" rel=\"noopener\" href=\"https:\/\/reformfisio.com\/it\/contact-us\/\"><span class='mb-text'>PRENOTA ORA<\/span><\/a><\/span><\/span><\/div>\n\n\n\n<div class=\"wp-block-column is-layout-flow wp-block-column-is-layout-flow\" style=\"flex-basis:33.33%\"><div class=\"wp-block-image\">\n<figure class=\"aligncenter size-full is-resized\"><img loading=\"lazy\" decoding=\"async\" width=\"512\" height=\"512\" src=\"https:\/\/reformfisio.com\/wp-content\/uploads\/2023\/05\/Goniometer-knee-assessmentpping-2.jpg\" alt=\"\" class=\"wp-image-118\" style=\"width:334px;height:auto\" srcset=\"https:\/\/reformfisio.com\/wp-content\/uploads\/2023\/05\/Goniometer-knee-assessmentpping-2.jpg 512w, https:\/\/reformfisio.com\/wp-content\/uploads\/2023\/05\/Goniometer-knee-assessmentpping-2-300x300.jpg 300w, https:\/\/reformfisio.com\/wp-content\/uploads\/2023\/05\/Goniometer-knee-assessmentpping-2-150x150.jpg 150w\" sizes=\"auto, (max-width: 512px) 100vw, 512px\" \/><\/figure>\n<\/div>\n\n<div class=\"wp-block-image\">\n<figure class=\"aligncenter size-full is-resized\"><img loading=\"lazy\" decoding=\"async\" width=\"512\" height=\"512\" src=\"https:\/\/reformfisio.com\/wp-content\/uploads\/2023\/05\/Hip-and-knee-assessment-male.jpg\" alt=\"\" class=\"wp-image-121\" style=\"width:334px;height:auto\" srcset=\"https:\/\/reformfisio.com\/wp-content\/uploads\/2023\/05\/Hip-and-knee-assessment-male.jpg 512w, https:\/\/reformfisio.com\/wp-content\/uploads\/2023\/05\/Hip-and-knee-assessment-male-300x300.jpg 300w, https:\/\/reformfisio.com\/wp-content\/uploads\/2023\/05\/Hip-and-knee-assessment-male-150x150.jpg 150w\" sizes=\"auto, (max-width: 512px) 100vw, 512px\" \/><\/figure>\n<\/div><\/div>\n<\/div>","protected":false},"excerpt":{"rendered":"<p>Physiotherapists take a holistic approach to prevent, treat and rehabilitate musculoskeletal, neurological and cardiorespiratory disorders. Their work aims to reduce symptoms, restore movement, improve flexibility and posture. What conditions can be treated? What treatments do our physiotherapists offer? All treatments are designed to empower the patient to improve their ability and actively participate in their [&hellip;]<\/p>","protected":false},"author":1,"featured_media":0,"parent":0,"menu_order":0,"comment_status":"closed","ping_status":"closed","template":"","meta":{"om_disable_all_campaigns":false,"_monsterinsights_skip_tracking":false,"_monsterinsights_sitenote_active":false,"_monsterinsights_sitenote_note":"","_monsterinsights_sitenote_category":0,"footnotes":""},"class_list":["post-19","page","type-page","status-publish","hentry"],"yoast_head":"<!-- This site is optimized with the Yoast SEO plugin v27.4 - https:\/\/yoast.com\/product\/yoast-seo-wordpress\/ -->\n<title>Physiotherapy -<\/title>\n<meta name=\"robots\" content=\"index, follow, max-snippet:-1, max-image-preview:large, max-video-preview:-1\" \/>\n<link rel=\"canonical\" href=\"https:\/\/reformfisio.com\/it\/physiotherapy\/\" \/>\n<meta property=\"og:locale\" content=\"it_IT\" \/>\n<meta property=\"og:type\" content=\"article\" \/>\n<meta property=\"og:title\" content=\"Physiotherapy -\" \/>\n<meta property=\"og:description\" content=\"Physiotherapists take a holistic approach to prevent, treat and rehabilitate musculoskeletal, neurological and cardiorespiratory disorders. Their work aims to reduce symptoms, restore movement, improve flexibility and posture. What conditions can be treated? What treatments do our physiotherapists offer? All treatments are designed to empower the patient to improve their ability and actively participate in their [&hellip;]\" \/>\n<meta property=\"og:url\" content=\"https:\/\/reformfisio.com\/it\/physiotherapy\/\" \/>\n<meta property=\"article:publisher\" content=\"https:\/\/www.facebook.com\/reform.fisio\" \/>\n<meta property=\"article:modified_time\" content=\"2024-09-10T14:34:41+00:00\" \/>\n<meta property=\"og:image\" content=\"https:\/\/reformfisio.com\/wp-content\/uploads\/2023\/05\/Rehabilitation-upper-limb-with-weights-older-male.jpg\" \/>\n<meta name=\"twitter:card\" content=\"summary_large_image\" \/>\n<meta name=\"twitter:label1\" content=\"Tempo di lettura stimato\" \/>\n\t<meta name=\"twitter:data1\" content=\"5 minuti\" \/>\n<script type=\"application\/ld+json\" class=\"yoast-schema-graph\">{\"@context\":\"https:\\\/\\\/schema.org\",\"@graph\":[{\"@type\":\"WebPage\",\"@id\":\"https:\\\/\\\/reformfisio.com\\\/physiotherapy\\\/\",\"url\":\"https:\\\/\\\/reformfisio.com\\\/physiotherapy\\\/\",\"name\":\"Physiotherapy -\",\"isPartOf\":{\"@id\":\"https:\\\/\\\/reformfisio.com\\\/#website\"},\"primaryImageOfPage\":{\"@id\":\"https:\\\/\\\/reformfisio.com\\\/physiotherapy\\\/#primaryimage\"},\"image\":{\"@id\":\"https:\\\/\\\/reformfisio.com\\\/physiotherapy\\\/#primaryimage\"},\"thumbnailUrl\":\"https:\\\/\\\/reformfisio.com\\\/wp-content\\\/uploads\\\/2023\\\/05\\\/Rehabilitation-upper-limb-with-weights-older-male.jpg\",\"datePublished\":\"2023-06-02T16:53:33+00:00\",\"dateModified\":\"2024-09-10T14:34:41+00:00\",\"breadcrumb\":{\"@id\":\"https:\\\/\\\/reformfisio.com\\\/physiotherapy\\\/#breadcrumb\"},\"inLanguage\":\"it-IT\",\"potentialAction\":[{\"@type\":\"ReadAction\",\"target\":[\"https:\\\/\\\/reformfisio.com\\\/physiotherapy\\\/\"]}]},{\"@type\":\"ImageObject\",\"inLanguage\":\"it-IT\",\"@id\":\"https:\\\/\\\/reformfisio.com\\\/physiotherapy\\\/#primaryimage\",\"url\":\"https:\\\/\\\/reformfisio.com\\\/wp-content\\\/uploads\\\/2023\\\/05\\\/Rehabilitation-upper-limb-with-weights-older-male.jpg\",\"contentUrl\":\"https:\\\/\\\/reformfisio.com\\\/wp-content\\\/uploads\\\/2023\\\/05\\\/Rehabilitation-upper-limb-with-weights-older-male.jpg\"},{\"@type\":\"BreadcrumbList\",\"@id\":\"https:\\\/\\\/reformfisio.com\\\/physiotherapy\\\/#breadcrumb\",\"itemListElement\":[{\"@type\":\"ListItem\",\"position\":1,\"name\":\"Home\",\"item\":\"https:\\\/\\\/reformfisio.com\\\/\"},{\"@type\":\"ListItem\",\"position\":2,\"name\":\"Physiotherapy\"}]},{\"@type\":\"WebSite\",\"@id\":\"https:\\\/\\\/reformfisio.com\\\/#website\",\"url\":\"https:\\\/\\\/reformfisio.com\\\/\",\"name\":\"reformfisio.com\",\"description\":\"\",\"publisher\":{\"@id\":\"https:\\\/\\\/reformfisio.com\\\/#organization\"},\"potentialAction\":[{\"@type\":\"SearchAction\",\"target\":{\"@type\":\"EntryPoint\",\"urlTemplate\":\"https:\\\/\\\/reformfisio.com\\\/?s={search_term_string}\"},\"query-input\":{\"@type\":\"PropertyValueSpecification\",\"valueRequired\":true,\"valueName\":\"search_term_string\"}}],\"inLanguage\":\"it-IT\"},{\"@type\":\"Organization\",\"@id\":\"https:\\\/\\\/reformfisio.com\\\/#organization\",\"name\":\"reformfisio\",\"url\":\"https:\\\/\\\/reformfisio.com\\\/\",\"logo\":{\"@type\":\"ImageObject\",\"inLanguage\":\"it-IT\",\"@id\":\"https:\\\/\\\/reformfisio.com\\\/#\\\/schema\\\/logo\\\/image\\\/\",\"url\":\"https:\\\/\\\/reformfisio.com\\\/wp-content\\\/uploads\\\/2023\\\/05\\\/cropped-1REFORMcolore-e1684168348470-1.png\",\"contentUrl\":\"https:\\\/\\\/reformfisio.com\\\/wp-content\\\/uploads\\\/2023\\\/05\\\/cropped-1REFORMcolore-e1684168348470-1.png\",\"width\":463,\"height\":221,\"caption\":\"reformfisio\"},\"image\":{\"@id\":\"https:\\\/\\\/reformfisio.com\\\/#\\\/schema\\\/logo\\\/image\\\/\"},\"sameAs\":[\"https:\\\/\\\/www.facebook.com\\\/reform.fisio\",\"https:\\\/\\\/www.instagram.com\\\/reform.fisio\\\/\"]}]}<\/script>\n<!-- \/ Yoast SEO plugin. -->","yoast_head_json":{"title":"Physiotherapy -","robots":{"index":"index","follow":"follow","max-snippet":"max-snippet:-1","max-image-preview":"max-image-preview:large","max-video-preview":"max-video-preview:-1"},"canonical":"https:\/\/reformfisio.com\/it\/physiotherapy\/","og_locale":"it_IT","og_type":"article","og_title":"Physiotherapy -","og_description":"Physiotherapists take a holistic approach to prevent, treat and rehabilitate musculoskeletal, neurological and cardiorespiratory disorders. Their work aims to reduce symptoms, restore movement, improve flexibility and posture. What conditions can be treated? What treatments do our physiotherapists offer? All treatments are designed to empower the patient to improve their ability and actively participate in their [&hellip;]","og_url":"https:\/\/reformfisio.com\/it\/physiotherapy\/","article_publisher":"https:\/\/www.facebook.com\/reform.fisio","article_modified_time":"2024-09-10T14:34:41+00:00","og_image":[{"url":"https:\/\/reformfisio.com\/wp-content\/uploads\/2023\/05\/Rehabilitation-upper-limb-with-weights-older-male.jpg","type":"","width":"","height":""}],"twitter_card":"summary_large_image","twitter_misc":{"Tempo di lettura stimato":"5 minuti"},"schema":{"@context":"https:\/\/schema.org","@graph":[{"@type":"WebPage","@id":"https:\/\/reformfisio.com\/physiotherapy\/","url":"https:\/\/reformfisio.com\/physiotherapy\/","name":"Physiotherapy -","isPartOf":{"@id":"https:\/\/reformfisio.com\/#website"},"primaryImageOfPage":{"@id":"https:\/\/reformfisio.com\/physiotherapy\/#primaryimage"},"image":{"@id":"https:\/\/reformfisio.com\/physiotherapy\/#primaryimage"},"thumbnailUrl":"https:\/\/reformfisio.com\/wp-content\/uploads\/2023\/05\/Rehabilitation-upper-limb-with-weights-older-male.jpg","datePublished":"2023-06-02T16:53:33+00:00","dateModified":"2024-09-10T14:34:41+00:00","breadcrumb":{"@id":"https:\/\/reformfisio.com\/physiotherapy\/#breadcrumb"},"inLanguage":"it-IT","potentialAction":[{"@type":"ReadAction","target":["https:\/\/reformfisio.com\/physiotherapy\/"]}]},{"@type":"ImageObject","inLanguage":"it-IT","@id":"https:\/\/reformfisio.com\/physiotherapy\/#primaryimage","url":"https:\/\/reformfisio.com\/wp-content\/uploads\/2023\/05\/Rehabilitation-upper-limb-with-weights-older-male.jpg","contentUrl":"https:\/\/reformfisio.com\/wp-content\/uploads\/2023\/05\/Rehabilitation-upper-limb-with-weights-older-male.jpg"},{"@type":"BreadcrumbList","@id":"https:\/\/reformfisio.com\/physiotherapy\/#breadcrumb","itemListElement":[{"@type":"ListItem","position":1,"name":"Home","item":"https:\/\/reformfisio.com\/"},{"@type":"ListItem","position":2,"name":"Physiotherapy"}]},{"@type":"WebSite","@id":"https:\/\/reformfisio.com\/#website","url":"https:\/\/reformfisio.com\/","name":"reformfisio.com","description":"","publisher":{"@id":"https:\/\/reformfisio.com\/#organization"},"potentialAction":[{"@type":"SearchAction","target":{"@type":"EntryPoint","urlTemplate":"https:\/\/reformfisio.com\/?s={search_term_string}"},"query-input":{"@type":"PropertyValueSpecification","valueRequired":true,"valueName":"search_term_string"}}],"inLanguage":"it-IT"},{"@type":"Organization","@id":"https:\/\/reformfisio.com\/#organization","name":"reformfisio","url":"https:\/\/reformfisio.com\/","logo":{"@type":"ImageObject","inLanguage":"it-IT","@id":"https:\/\/reformfisio.com\/#\/schema\/logo\/image\/","url":"https:\/\/reformfisio.com\/wp-content\/uploads\/2023\/05\/cropped-1REFORMcolore-e1684168348470-1.png","contentUrl":"https:\/\/reformfisio.com\/wp-content\/uploads\/2023\/05\/cropped-1REFORMcolore-e1684168348470-1.png","width":463,"height":221,"caption":"reformfisio"},"image":{"@id":"https:\/\/reformfisio.com\/#\/schema\/logo\/image\/"},"sameAs":["https:\/\/www.facebook.com\/reform.fisio","https:\/\/www.instagram.com\/reform.fisio\/"]}]}},"jetpack_sharing_enabled":true,"_links":{"self":[{"href":"https:\/\/reformfisio.com\/it\/wp-json\/wp\/v2\/pages\/19","targetHints":{"allow":["GET"]}}],"collection":[{"href":"https:\/\/reformfisio.com\/it\/wp-json\/wp\/v2\/pages"}],"about":[{"href":"https:\/\/reformfisio.com\/it\/wp-json\/wp\/v2\/types\/page"}],"author":[{"embeddable":true,"href":"https:\/\/reformfisio.com\/it\/wp-json\/wp\/v2\/users\/1"}],"replies":[{"embeddable":true,"href":"https:\/\/reformfisio.com\/it\/wp-json\/wp\/v2\/comments?post=19"}],"version-history":[{"count":20,"href":"https:\/\/reformfisio.com\/it\/wp-json\/wp\/v2\/pages\/19\/revisions"}],"predecessor-version":[{"id":473,"href":"https:\/\/reformfisio.com\/it\/wp-json\/wp\/v2\/pages\/19\/revisions\/473"}],"wp:attachment":[{"href":"https:\/\/reformfisio.com\/it\/wp-json\/wp\/v2\/media?parent=19"}],"curies":[{"name":"wp","href":"https:\/\/api.w.org\/{rel}","templated":true}]}}