{"id":200,"date":"2023-06-02T16:51:31","date_gmt":"2023-06-02T16:51:31","guid":{"rendered":"https:\/\/reformfisio.com\/?page_id=200"},"modified":"2024-09-18T15:41:05","modified_gmt":"2024-09-18T15:41:05","slug":"ergonomics-and-human-factors","status":"publish","type":"page","link":"https:\/\/reformfisio.com\/it\/ergonomics-and-human-factors\/","title":{"rendered":"Ergonomia e Fattori Umani"},"content":{"rendered":"<h2 class=\"wp-block-heading has-text-align-center\">Evita il dolore quando lavori<\/h2>\n\n\n\n<div class=\"wp-block-media-text has-media-on-the-right is-stacked-on-mobile\"><div class=\"wp-block-media-text__content\">\n<p>Sebbene non esista una postura perfetta, sappiamo che utilizzare laptop e apparecchiature elettroniche per molte ore al giorno o eseguire attivit\u00e0 fisica in maniera errata pu\u00f2 contribuire a sensazioni di rigidit\u00e0 e dolore o addirittura lesioni. Molte persone hanno completato la formazione obbligatoria su come impostare la propria postazione o sollevare pesi al lavoro, ma continuano a soffrire. Perch\u00e9? Molto spesso questo dipende dal comportamento dell\u2019individuo e dalle attivit\u00e0 che svolge durante il giorno, nonch\u00e9 dalla sua forma fisica generale, dal suo benessere e dalle sue attivit\u00e0 extra lavorative.<\/p>\n\n\n\n<p>Si consiglia una valutazione individuale e un\u2019adeguata formazione da parte di un esperto per garantire che tu sia in grado di lavorare correttamente e in maniera specifica alle tue esigenze. Offriamo un servizio di valutazione remota per ciascun individuo e servizi di formazione in inglese e italiano, cos\u00ec da istruire qualsiasi lavoratore sul posto di lavoro. La formazione include le persone che lavorano da casa, in ufficio, in viaggio o in altri ambienti come laboratori o ambienti di ufficio non standard. Offriamo anche un servizio di consulenza e formazione per ambienti di lavoro diversi, come laboratori, fabbriche, produzione, edilizia, veicoli e altri luoghi.<\/p>\n<\/div><figure class=\"wp-block-media-text__media\"><img loading=\"lazy\" decoding=\"async\" width=\"512\" height=\"512\" src=\"https:\/\/reformfisio.com\/wp-content\/uploads\/2023\/06\/Assessment-with-clipboard.jpg\" alt=\"Valutazione ergonomia ergonomo\" class=\"wp-image-240 size-full\" srcset=\"https:\/\/reformfisio.com\/wp-content\/uploads\/2023\/06\/Assessment-with-clipboard.jpg 512w, https:\/\/reformfisio.com\/wp-content\/uploads\/2023\/06\/Assessment-with-clipboard-300x300.jpg 300w, https:\/\/reformfisio.com\/wp-content\/uploads\/2023\/06\/Assessment-with-clipboard-150x150.jpg 150w\" sizes=\"auto, (max-width: 512px) 100vw, 512px\" \/><\/figure><\/div>\n\n\n\n<div class=\"wp-block-media-text is-stacked-on-mobile\"><figure class=\"wp-block-media-text__media\"><img loading=\"lazy\" decoding=\"async\" width=\"512\" height=\"512\" src=\"https:\/\/reformfisio.com\/wp-content\/uploads\/2023\/05\/Xray-sitting-posture.jpg\" alt=\"\" class=\"wp-image-91 size-full\" srcset=\"https:\/\/reformfisio.com\/wp-content\/uploads\/2023\/05\/Xray-sitting-posture.jpg 512w, https:\/\/reformfisio.com\/wp-content\/uploads\/2023\/05\/Xray-sitting-posture-300x300.jpg 300w, https:\/\/reformfisio.com\/wp-content\/uploads\/2023\/05\/Xray-sitting-posture-150x150.jpg 150w\" sizes=\"auto, (max-width: 512px) 100vw, 512px\" \/><\/figure><div class=\"wp-block-media-text__content\">\n<h2 class=\"wp-block-heading\">Valutazione posturale nell'uso dei VDT<\/h2>\n\n\n\n<p>Una valutazione dell'uso dei videoterminali e dei dispositivi mobili (VDT) indaga l'attrezzatura utilizzata, i compiti svolti durante il giorno, la salute, il benessere e il comportamento dell'individuo. Combina tutte le informazioni per addestrare il soggetto nel migliore dei modi a svolgere i propri compiti, posizionare l'attrezzatura, regolare la propria seduta e modificare il proprio comportamento per promuovere la salute e ridurre il dolore. Quando richiesto, vengono effettuate misurazioni antropometriche per consentire al valutatore di prescrivere attrezzature, come ad esempio una sedia ergonomica . Il nostro team lavora rispettando i budget dell\u2019azienda. Questo tipo di valutazione pu\u00f2 essere erogata di persona o tramite videochiamata online. I servizi vengono forniti online dal 2017 e questo risulta essere un modo economicamente vantaggioso per garantire che tutti i dipendenti ricevano un servizio rapido e affidabile per ridurre il rischio di infortuni o aiutarli a risolvere il dolore durante il lavoro.<\/p>\n<\/div><\/div>\n\n\n\n<div class=\"wp-block-media-text has-media-on-the-right is-stacked-on-mobile\"><div class=\"wp-block-media-text__content\">\n<h2 class=\"wp-block-heading has-text-align-center\">Valutazioni ergonomiche<\/h2>\n\n\n\n<p>L\u2019ergonomia, o Fattore Umano, va oltre il lavoro in ufficio. Esamina l'interazione tra uomo e lavoro a livello fisico, psicologico, cognitivo e sociale. Gli ergonomi dispongono di numerose misure valutative convalidate che possono essere utilizzate per misurare il livello di rischio e guidare i datori di lavoro su come ridurre efficacemente il rischio a breve, medio e lungo termine. Le valutazioni possono concentrarsi sulla movimentazione manuale, sulla produttivit\u00e0, sui processi lean, sul carico cognitivo, sul rischio fisico e sulla riduzione del rischio di errore. Il nostro team ha esperienza nella fornitura di questi servizi in molti settori. Contattaci per scoprire come possiamo aiutarti a ridurre il rischio di infortuni o ad aumentare la produttivit\u00e0 sul posto di lavoro.<\/p>\n<\/div><figure class=\"wp-block-media-text__media\"><img loading=\"lazy\" decoding=\"async\" width=\"512\" height=\"512\" src=\"https:\/\/reformfisio.com\/wp-content\/uploads\/2023\/05\/Happy-factory-worker.jpg\" alt=\"Ergonomia valutazione ergonomic assessments health and safety\" class=\"wp-image-120 size-full\" srcset=\"https:\/\/reformfisio.com\/wp-content\/uploads\/2023\/05\/Happy-factory-worker.jpg 512w, https:\/\/reformfisio.com\/wp-content\/uploads\/2023\/05\/Happy-factory-worker-300x300.jpg 300w, https:\/\/reformfisio.com\/wp-content\/uploads\/2023\/05\/Happy-factory-worker-150x150.jpg 150w\" sizes=\"auto, (max-width: 512px) 100vw, 512px\" \/><\/figure><\/div>\n\n\n\n<div class=\"wp-block-media-text is-stacked-on-mobile\"><figure class=\"wp-block-media-text__media\"><img loading=\"lazy\" decoding=\"async\" width=\"512\" height=\"512\" src=\"https:\/\/reformfisio.com\/wp-content\/uploads\/2024\/09\/Truck-driver.png\" alt=\"Autista valutazione dei rischi ergonomia ergonomo\" class=\"wp-image-516 size-full\" srcset=\"https:\/\/reformfisio.com\/wp-content\/uploads\/2024\/09\/Truck-driver.png 512w, https:\/\/reformfisio.com\/wp-content\/uploads\/2024\/09\/Truck-driver-300x300.png 300w, https:\/\/reformfisio.com\/wp-content\/uploads\/2024\/09\/Truck-driver-150x150.png 150w, https:\/\/reformfisio.com\/wp-content\/uploads\/2024\/09\/Truck-driver-12x12.png 12w\" sizes=\"auto, (max-width: 512px) 100vw, 512px\" \/><\/figure><div class=\"wp-block-media-text__content\">\n<h2 class=\"wp-block-heading\">Valutazioni dei veicoli<\/h2>\n\n\n\n<p>La corretta regolazione della cabina di un veicolo pu\u00f2 fare una grande differenza per il comfort del conducente. I nostri consulenti sono specializzati nei settori ferroviario e aereo, nella logistica e nei veicoli delle flotte, lavorando sia sulla postazione di guida che sulle postazioni di lavoro all'interno dei veicoli. Questo servizio pu\u00f2 essere fornito online o di persona, a seconda della situazione. Mettiti in contatto con il nostro team per avere maggiori informazioni e per capire la soluzione pi\u00f9 adatta alle tue esigenze.<\/p>\n\n\n\n<p>Juliet Raine \u00e8 una delle principali formatrici di ACPOHE nel Regno Unito, responsabile della formazione dei professionisti nella fornitura di valutazioni DSE di alta qualit\u00e0 e nell'uso di misure valutative ergonomiche. La sua vasta esperienza le consente di applicare le sue conoscenze e competenze in qualsiasi settore. Combinare le sue competenze di ergonomo con le sue conoscenze di fisioterapista le permette di adottare un approccio olistico ad ogni intervento.&nbsp;<\/p>\n<\/div><\/div>\n\n\n\n<p>Se hai molti dipendenti da valutare, possiamo offrire il servizio come pacchetto, visitando il tuo posto di lavoro per un giorno o pi\u00f9 per garantire la formazione e la valutazione di tutti i dipendenti allo stesso tempo.<\/p>\n\n\n\n<p>I prezzi variano a seconda dei numeri, del livello di dettaglio richiesto nei report e se il servizio viene offerto virtualmente o di persona. Contattaci per un preventivo.<\/p>","protected":false},"excerpt":{"rendered":"<p>Avoid pain when working Although there is no perfect posture, we know that using laptops and computer equipment for many hours each day or performing physical working tasks incorrectly can contribute to feelings of stiffness and pain or even injury. Many people have completed mandatory training about how to set up their workstation or lift [&hellip;]<\/p>","protected":false},"author":1,"featured_media":0,"parent":0,"menu_order":0,"comment_status":"closed","ping_status":"closed","template":"","meta":{"om_disable_all_campaigns":false,"_monsterinsights_skip_tracking":false,"_monsterinsights_sitenote_active":false,"_monsterinsights_sitenote_note":"","_monsterinsights_sitenote_category":0,"footnotes":""},"class_list":["post-200","page","type-page","status-publish","hentry"],"yoast_head":"<!-- This site is optimized with the Yoast SEO plugin v27.4 - https:\/\/yoast.com\/product\/yoast-seo-wordpress\/ -->\n<title>Ergonomics and Human Factors -<\/title>\n<meta name=\"robots\" content=\"index, follow, max-snippet:-1, max-image-preview:large, max-video-preview:-1\" \/>\n<link rel=\"canonical\" href=\"https:\/\/reformfisio.com\/it\/ergonomics-and-human-factors\/\" \/>\n<meta property=\"og:locale\" content=\"it_IT\" \/>\n<meta property=\"og:type\" content=\"article\" \/>\n<meta property=\"og:title\" content=\"Ergonomics and Human Factors -\" \/>\n<meta property=\"og:description\" content=\"Avoid pain when working Although there is no perfect posture, we know that using laptops and computer equipment for many hours each day or performing physical working tasks incorrectly can contribute to feelings of stiffness and pain or even injury. Many people have completed mandatory training about how to set up their workstation or lift [&hellip;]\" \/>\n<meta property=\"og:url\" content=\"https:\/\/reformfisio.com\/it\/ergonomics-and-human-factors\/\" \/>\n<meta property=\"article:publisher\" content=\"https:\/\/www.facebook.com\/reform.fisio\" \/>\n<meta property=\"article:modified_time\" content=\"2024-09-18T15:41:05+00:00\" \/>\n<meta property=\"og:image\" content=\"https:\/\/reformfisio.com\/wp-content\/uploads\/2023\/06\/Assessment-with-clipboard.jpg\" \/>\n<meta name=\"twitter:card\" content=\"summary_large_image\" \/>\n<meta name=\"twitter:label1\" content=\"Tempo di lettura stimato\" \/>\n\t<meta name=\"twitter:data1\" content=\"4 minuti\" \/>\n<script type=\"application\/ld+json\" class=\"yoast-schema-graph\">{\"@context\":\"https:\\\/\\\/schema.org\",\"@graph\":[{\"@type\":\"WebPage\",\"@id\":\"https:\\\/\\\/reformfisio.com\\\/ergonomics-and-human-factors\\\/\",\"url\":\"https:\\\/\\\/reformfisio.com\\\/ergonomics-and-human-factors\\\/\",\"name\":\"Ergonomics and Human Factors -\",\"isPartOf\":{\"@id\":\"https:\\\/\\\/reformfisio.com\\\/#website\"},\"primaryImageOfPage\":{\"@id\":\"https:\\\/\\\/reformfisio.com\\\/ergonomics-and-human-factors\\\/#primaryimage\"},\"image\":{\"@id\":\"https:\\\/\\\/reformfisio.com\\\/ergonomics-and-human-factors\\\/#primaryimage\"},\"thumbnailUrl\":\"https:\\\/\\\/reformfisio.com\\\/wp-content\\\/uploads\\\/2023\\\/06\\\/Assessment-with-clipboard.jpg\",\"datePublished\":\"2023-06-02T16:51:31+00:00\",\"dateModified\":\"2024-09-18T15:41:05+00:00\",\"breadcrumb\":{\"@id\":\"https:\\\/\\\/reformfisio.com\\\/ergonomics-and-human-factors\\\/#breadcrumb\"},\"inLanguage\":\"it-IT\",\"potentialAction\":[{\"@type\":\"ReadAction\",\"target\":[\"https:\\\/\\\/reformfisio.com\\\/ergonomics-and-human-factors\\\/\"]}]},{\"@type\":\"ImageObject\",\"inLanguage\":\"it-IT\",\"@id\":\"https:\\\/\\\/reformfisio.com\\\/ergonomics-and-human-factors\\\/#primaryimage\",\"url\":\"https:\\\/\\\/reformfisio.com\\\/wp-content\\\/uploads\\\/2023\\\/06\\\/Assessment-with-clipboard.jpg\",\"contentUrl\":\"https:\\\/\\\/reformfisio.com\\\/wp-content\\\/uploads\\\/2023\\\/06\\\/Assessment-with-clipboard.jpg\"},{\"@type\":\"BreadcrumbList\",\"@id\":\"https:\\\/\\\/reformfisio.com\\\/ergonomics-and-human-factors\\\/#breadcrumb\",\"itemListElement\":[{\"@type\":\"ListItem\",\"position\":1,\"name\":\"Home\",\"item\":\"https:\\\/\\\/reformfisio.com\\\/\"},{\"@type\":\"ListItem\",\"position\":2,\"name\":\"Ergonomics and Human Factors\"}]},{\"@type\":\"WebSite\",\"@id\":\"https:\\\/\\\/reformfisio.com\\\/#website\",\"url\":\"https:\\\/\\\/reformfisio.com\\\/\",\"name\":\"reformfisio.com\",\"description\":\"\",\"publisher\":{\"@id\":\"https:\\\/\\\/reformfisio.com\\\/#organization\"},\"potentialAction\":[{\"@type\":\"SearchAction\",\"target\":{\"@type\":\"EntryPoint\",\"urlTemplate\":\"https:\\\/\\\/reformfisio.com\\\/?s={search_term_string}\"},\"query-input\":{\"@type\":\"PropertyValueSpecification\",\"valueRequired\":true,\"valueName\":\"search_term_string\"}}],\"inLanguage\":\"it-IT\"},{\"@type\":\"Organization\",\"@id\":\"https:\\\/\\\/reformfisio.com\\\/#organization\",\"name\":\"reformfisio\",\"url\":\"https:\\\/\\\/reformfisio.com\\\/\",\"logo\":{\"@type\":\"ImageObject\",\"inLanguage\":\"it-IT\",\"@id\":\"https:\\\/\\\/reformfisio.com\\\/#\\\/schema\\\/logo\\\/image\\\/\",\"url\":\"https:\\\/\\\/reformfisio.com\\\/wp-content\\\/uploads\\\/2023\\\/05\\\/cropped-1REFORMcolore-e1684168348470-1.png\",\"contentUrl\":\"https:\\\/\\\/reformfisio.com\\\/wp-content\\\/uploads\\\/2023\\\/05\\\/cropped-1REFORMcolore-e1684168348470-1.png\",\"width\":463,\"height\":221,\"caption\":\"reformfisio\"},\"image\":{\"@id\":\"https:\\\/\\\/reformfisio.com\\\/#\\\/schema\\\/logo\\\/image\\\/\"},\"sameAs\":[\"https:\\\/\\\/www.facebook.com\\\/reform.fisio\",\"https:\\\/\\\/www.instagram.com\\\/reform.fisio\\\/\"]}]}<\/script>\n<!-- \/ Yoast SEO plugin. -->","yoast_head_json":{"title":"Ergonomics and Human Factors -","robots":{"index":"index","follow":"follow","max-snippet":"max-snippet:-1","max-image-preview":"max-image-preview:large","max-video-preview":"max-video-preview:-1"},"canonical":"https:\/\/reformfisio.com\/it\/ergonomics-and-human-factors\/","og_locale":"it_IT","og_type":"article","og_title":"Ergonomics and Human Factors -","og_description":"Avoid pain when working Although there is no perfect posture, we know that using laptops and computer equipment for many hours each day or performing physical working tasks incorrectly can contribute to feelings of stiffness and pain or even injury. Many people have completed mandatory training about how to set up their workstation or lift [&hellip;]","og_url":"https:\/\/reformfisio.com\/it\/ergonomics-and-human-factors\/","article_publisher":"https:\/\/www.facebook.com\/reform.fisio","article_modified_time":"2024-09-18T15:41:05+00:00","og_image":[{"url":"https:\/\/reformfisio.com\/wp-content\/uploads\/2023\/06\/Assessment-with-clipboard.jpg","type":"","width":"","height":""}],"twitter_card":"summary_large_image","twitter_misc":{"Tempo di lettura stimato":"4 minuti"},"schema":{"@context":"https:\/\/schema.org","@graph":[{"@type":"WebPage","@id":"https:\/\/reformfisio.com\/ergonomics-and-human-factors\/","url":"https:\/\/reformfisio.com\/ergonomics-and-human-factors\/","name":"Ergonomics and Human Factors -","isPartOf":{"@id":"https:\/\/reformfisio.com\/#website"},"primaryImageOfPage":{"@id":"https:\/\/reformfisio.com\/ergonomics-and-human-factors\/#primaryimage"},"image":{"@id":"https:\/\/reformfisio.com\/ergonomics-and-human-factors\/#primaryimage"},"thumbnailUrl":"https:\/\/reformfisio.com\/wp-content\/uploads\/2023\/06\/Assessment-with-clipboard.jpg","datePublished":"2023-06-02T16:51:31+00:00","dateModified":"2024-09-18T15:41:05+00:00","breadcrumb":{"@id":"https:\/\/reformfisio.com\/ergonomics-and-human-factors\/#breadcrumb"},"inLanguage":"it-IT","potentialAction":[{"@type":"ReadAction","target":["https:\/\/reformfisio.com\/ergonomics-and-human-factors\/"]}]},{"@type":"ImageObject","inLanguage":"it-IT","@id":"https:\/\/reformfisio.com\/ergonomics-and-human-factors\/#primaryimage","url":"https:\/\/reformfisio.com\/wp-content\/uploads\/2023\/06\/Assessment-with-clipboard.jpg","contentUrl":"https:\/\/reformfisio.com\/wp-content\/uploads\/2023\/06\/Assessment-with-clipboard.jpg"},{"@type":"BreadcrumbList","@id":"https:\/\/reformfisio.com\/ergonomics-and-human-factors\/#breadcrumb","itemListElement":[{"@type":"ListItem","position":1,"name":"Home","item":"https:\/\/reformfisio.com\/"},{"@type":"ListItem","position":2,"name":"Ergonomics and Human Factors"}]},{"@type":"WebSite","@id":"https:\/\/reformfisio.com\/#website","url":"https:\/\/reformfisio.com\/","name":"reformfisio.com","description":"","publisher":{"@id":"https:\/\/reformfisio.com\/#organization"},"potentialAction":[{"@type":"SearchAction","target":{"@type":"EntryPoint","urlTemplate":"https:\/\/reformfisio.com\/?s={search_term_string}"},"query-input":{"@type":"PropertyValueSpecification","valueRequired":true,"valueName":"search_term_string"}}],"inLanguage":"it-IT"},{"@type":"Organization","@id":"https:\/\/reformfisio.com\/#organization","name":"reformfisio","url":"https:\/\/reformfisio.com\/","logo":{"@type":"ImageObject","inLanguage":"it-IT","@id":"https:\/\/reformfisio.com\/#\/schema\/logo\/image\/","url":"https:\/\/reformfisio.com\/wp-content\/uploads\/2023\/05\/cropped-1REFORMcolore-e1684168348470-1.png","contentUrl":"https:\/\/reformfisio.com\/wp-content\/uploads\/2023\/05\/cropped-1REFORMcolore-e1684168348470-1.png","width":463,"height":221,"caption":"reformfisio"},"image":{"@id":"https:\/\/reformfisio.com\/#\/schema\/logo\/image\/"},"sameAs":["https:\/\/www.facebook.com\/reform.fisio","https:\/\/www.instagram.com\/reform.fisio\/"]}]}},"jetpack_sharing_enabled":true,"_links":{"self":[{"href":"https:\/\/reformfisio.com\/it\/wp-json\/wp\/v2\/pages\/200","targetHints":{"allow":["GET"]}}],"collection":[{"href":"https:\/\/reformfisio.com\/it\/wp-json\/wp\/v2\/pages"}],"about":[{"href":"https:\/\/reformfisio.com\/it\/wp-json\/wp\/v2\/types\/page"}],"author":[{"embeddable":true,"href":"https:\/\/reformfisio.com\/it\/wp-json\/wp\/v2\/users\/1"}],"replies":[{"embeddable":true,"href":"https:\/\/reformfisio.com\/it\/wp-json\/wp\/v2\/comments?post=200"}],"version-history":[{"count":18,"href":"https:\/\/reformfisio.com\/it\/wp-json\/wp\/v2\/pages\/200\/revisions"}],"predecessor-version":[{"id":524,"href":"https:\/\/reformfisio.com\/it\/wp-json\/wp\/v2\/pages\/200\/revisions\/524"}],"wp:attachment":[{"href":"https:\/\/reformfisio.com\/it\/wp-json\/wp\/v2\/media?parent=200"}],"curies":[{"name":"wp","href":"https:\/\/api.w.org\/{rel}","templated":true}]}}