{"id":247,"date":"2023-06-02T16:57:17","date_gmt":"2023-06-02T16:57:17","guid":{"rendered":"https:\/\/reformfisio.com\/?page_id=247"},"modified":"2025-04-21T14:01:37","modified_gmt":"2025-04-21T14:01:37","slug":"about-us","status":"publish","type":"page","link":"https:\/\/reformfisio.com\/it\/about-us\/","title":{"rendered":"Chi Siamo"},"content":{"rendered":"<h2 class=\"wp-block-heading\">Juliet Raine<\/h2>\n\n\n\n<h3 class=\"wp-block-heading\">Fisioterapista e Ergonomo<\/h3>\n\n\n\n<div class=\"wp-block-media-text alignwide is-stacked-on-mobile is-vertically-aligned-top\"><figure class=\"wp-block-media-text__media\"><img loading=\"lazy\" decoding=\"async\" width=\"1024\" height=\"1024\" src=\"https:\/\/reformfisio.com\/wp-content\/uploads\/2024\/09\/Foto-Juliet-Raine-Fisioterapista-square-1024x1024.jpg\" alt=\"\" class=\"wp-image-502 size-full\" srcset=\"https:\/\/reformfisio.com\/wp-content\/uploads\/2024\/09\/Foto-Juliet-Raine-Fisioterapista-square-1024x1024.jpg 1024w, https:\/\/reformfisio.com\/wp-content\/uploads\/2024\/09\/Foto-Juliet-Raine-Fisioterapista-square-300x300.jpg 300w, https:\/\/reformfisio.com\/wp-content\/uploads\/2024\/09\/Foto-Juliet-Raine-Fisioterapista-square-150x150.jpg 150w, https:\/\/reformfisio.com\/wp-content\/uploads\/2024\/09\/Foto-Juliet-Raine-Fisioterapista-square-768x768.jpg 768w, https:\/\/reformfisio.com\/wp-content\/uploads\/2024\/09\/Foto-Juliet-Raine-Fisioterapista-square-1536x1536.jpg 1536w, https:\/\/reformfisio.com\/wp-content\/uploads\/2024\/09\/Foto-Juliet-Raine-Fisioterapista-square-12x12.jpg 12w, https:\/\/reformfisio.com\/wp-content\/uploads\/2024\/09\/Foto-Juliet-Raine-Fisioterapista-square.jpg 1556w\" sizes=\"auto, (max-width: 1024px) 100vw, 1024px\" \/><\/figure><div class=\"wp-block-media-text__content\">\n<p>Juliet si \u00e8 laureata presso Northumbria University (Regno Unito) nel 2005. Ha lavorato per tre anni per i servizi di riabilitazione del Newcastle upon Tyne Hospitals NHS Foundation Trust. Durante questo periodo ha acquisito un'esperienza inestimabile trattando una grande variet\u00e0 di condizioni dalla pediatria alla chirurgia plastica, dalle malattie respiratorie a lungo termine ai disturbi neurologici acuti, la sua esperienza fornisce una solida spina dorsale alla sua base di conoscenze e pratica attuale. Ha anche lavorato sul campo da rugby per quattro stagioni.&nbsp;<\/p>\n\n\n\n<p>Nel 2008 Juliet ha iniziato a collaborare con uno studio privato che le ha permesso di scoprire una passione sfrenata per l'ergonomia e l'insegnamento di formazione. Nel 2008 ha conseguito un Master in Ergonomia e Salute presso l\u2019Universit\u00e0 di Derby (Regno Unito), specializzandosi nell\u2019ambito della prevenzione degli infortuni muscolo-scheletrici sul posto di lavoro.&nbsp;<\/p>\n\n\n\n<p>Juliet rappresenta ad oggi uno dei formatori ufficiali dell'Associazione dei fisioterapisti in salute sul lavoro ed ergonomia (ACPOHE). \u00c8 responsabile della formazione di fisioterapisti e altri professionisti sulla conduzione di DSE, movimentazione manuale e valutazioni di sicurezza ed ergonomia.<\/p>\n<\/div><\/div>\n\n\n\n<h2 class=\"wp-block-heading\">Chiara Melis<\/h2>\n\n\n\n<h3 class=\"wp-block-heading\">Fisioterapista<\/h3>\n\n\n\n<div class=\"wp-block-media-text alignwide is-stacked-on-mobile is-vertically-aligned-top\"><figure class=\"wp-block-media-text__media\"><img loading=\"lazy\" decoding=\"async\" width=\"1024\" height=\"1024\" src=\"https:\/\/reformfisio.com\/wp-content\/uploads\/2024\/09\/Foto-Chiara-Melis-Fisioterapista-square-1024x1024.jpg\" alt=\"Chiara Melis Fisioterapista Physiotherapist\" class=\"wp-image-505 size-full\" srcset=\"https:\/\/reformfisio.com\/wp-content\/uploads\/2024\/09\/Foto-Chiara-Melis-Fisioterapista-square-1024x1024.jpg 1024w, https:\/\/reformfisio.com\/wp-content\/uploads\/2024\/09\/Foto-Chiara-Melis-Fisioterapista-square-300x300.jpg 300w, https:\/\/reformfisio.com\/wp-content\/uploads\/2024\/09\/Foto-Chiara-Melis-Fisioterapista-square-150x150.jpg 150w, https:\/\/reformfisio.com\/wp-content\/uploads\/2024\/09\/Foto-Chiara-Melis-Fisioterapista-square-768x768.jpg 768w, https:\/\/reformfisio.com\/wp-content\/uploads\/2024\/09\/Foto-Chiara-Melis-Fisioterapista-square-1536x1536.jpg 1536w, https:\/\/reformfisio.com\/wp-content\/uploads\/2024\/09\/Foto-Chiara-Melis-Fisioterapista-square-12x12.jpg 12w, https:\/\/reformfisio.com\/wp-content\/uploads\/2024\/09\/Foto-Chiara-Melis-Fisioterapista-square.jpg 1556w\" sizes=\"auto, (max-width: 1024px) 100vw, 1024px\" \/><\/figure><div class=\"wp-block-media-text__content\">\n<p><\/p>\n\n\n\n<p><\/p>\n\n\n\n<p>Chiara si \u00e8 laureata presso l\u2019Universit\u00e0 degli Studi di Sassari nel  2018, e sin da subito ha iniziato a lavorare in un centro di riabilitazione neurologica. Successivamente ha proseguito la sua attivit\u00e0 lavorativa occupandosi dell\u2019assistenza domiciliare, entrando in contatto con pazienti di vario genere, sia neurologici, che ortopedici, che respiratori.<\/p>\n\n\n\n<p>Nel 2023 ha completato un Master in Terapia Manuale e fisioterapia muscolo scheletrica presso l\u2019Universit\u00e0 Federico II di Napoli, con sede a Milano. Infine si \u00e8 specializzata in linfodrenaggio e bendaggio funzionale nei disordini del sistema linfatico, ma \u00e8 sempre aperta a nuove conoscenze!   <\/p>\n\n\n\n<p>Chiara \u00e8 entrata a far parte del team Reform nel 2023 ed \u00e8 responsabile della gestione dei servizi relativi alle condizioni neurologiche e linfatiche e della gestione di una variet\u00e0 di servizi riabilitativi. <\/p>\n<\/div><\/div>\n\n\n\n<h2 class=\"wp-block-heading\">Beatrice Cannas<\/h2>\n\n\n\n<h3 class=\"wp-block-heading\">Fisioterapista<\/h3>\n\n\n\n<div class=\"wp-block-media-text alignwide is-stacked-on-mobile is-vertically-aligned-top\"><figure class=\"wp-block-media-text__media\"><img loading=\"lazy\" decoding=\"async\" width=\"1024\" height=\"1024\" src=\"https:\/\/reformfisio.com\/wp-content\/uploads\/2025\/04\/1-1024x1024.jpg\" alt=\"\" class=\"wp-image-591 size-full\" srcset=\"https:\/\/reformfisio.com\/wp-content\/uploads\/2025\/04\/1-1024x1024.jpg 1024w, https:\/\/reformfisio.com\/wp-content\/uploads\/2025\/04\/1-300x300.jpg 300w, https:\/\/reformfisio.com\/wp-content\/uploads\/2025\/04\/1-150x150.jpg 150w, https:\/\/reformfisio.com\/wp-content\/uploads\/2025\/04\/1-768x768.jpg 768w, https:\/\/reformfisio.com\/wp-content\/uploads\/2025\/04\/1-1536x1536.jpg 1536w, https:\/\/reformfisio.com\/wp-content\/uploads\/2025\/04\/1-12x12.jpg 12w, https:\/\/reformfisio.com\/wp-content\/uploads\/2025\/04\/1.jpg 1556w\" sizes=\"auto, (max-width: 1024px) 100vw, 1024px\" \/><\/figure><div class=\"wp-block-media-text__content\">\n<p><\/p>\n\n\n\n<p><\/p>\n\n\n\n<p>Beatrice si \u00e8 laureata presso l\u2019Universit\u00e0 degli Studi di Sassari nel 2018, e sin da subito ha iniziato a lavorare in un centro di riabilitazione neurologica. Successivamente, ha iniziato ad occuparsi anche di riabilitazione neuromotoria e post-operatoria all'interno di una clinica, entrando in contatto con diversi pazienti.<\/p>\n\n\n\n<p>Infine si \u00e8 dedicata all'assistenza domiciliare, dove ha potuto trattare pazienti di vario genere: neurologici, ortopedici e respiratori. Nel 2023 ha completato un Master in Terapia Manuale e fisioterapia muscolo scheletrica presso l\u2019Universit\u00e0 Federico II di Napoli, con sede a Milano. \u00e8 sempre pronta ad imparare e conoscere cose nuove!<\/p>\n\n\n\n<p>Beatrice \u00e8 entrata a far parte del team Reform nel 2025 ed \u00e8 responsabile della gestione dei servizi relativi alle condizioni neurologiche, ortopediche e musculoskeletriche e della gestione di una variet\u00e0 di servizi riabilitativi.<\/p>\n<\/div><\/div>\n\n\n\n<h2 class=\"wp-block-heading\">Maura Bacchiddu<\/h2>\n\n\n\n<h3 class=\"wp-block-heading\">Segretaria<\/h3>\n\n\n\n<div class=\"wp-block-media-text alignwide is-stacked-on-mobile is-vertically-aligned-top\"><figure class=\"wp-block-media-text__media\"><img loading=\"lazy\" decoding=\"async\" width=\"1024\" height=\"1024\" src=\"https:\/\/reformfisio.com\/wp-content\/uploads\/2025\/04\/2-1024x1024.jpg\" alt=\"\" class=\"wp-image-592 size-full\" srcset=\"https:\/\/reformfisio.com\/wp-content\/uploads\/2025\/04\/2-1024x1024.jpg 1024w, https:\/\/reformfisio.com\/wp-content\/uploads\/2025\/04\/2-300x300.jpg 300w, https:\/\/reformfisio.com\/wp-content\/uploads\/2025\/04\/2-150x150.jpg 150w, https:\/\/reformfisio.com\/wp-content\/uploads\/2025\/04\/2-768x768.jpg 768w, https:\/\/reformfisio.com\/wp-content\/uploads\/2025\/04\/2-1536x1536.jpg 1536w, https:\/\/reformfisio.com\/wp-content\/uploads\/2025\/04\/2-12x12.jpg 12w, https:\/\/reformfisio.com\/wp-content\/uploads\/2025\/04\/2.jpg 1556w\" sizes=\"auto, (max-width: 1024px) 100vw, 1024px\" \/><\/figure><div class=\"wp-block-media-text__content\">\n<p><\/p>\n\n\n\n<p><\/p>\n\n\n\n<p>Maura \u00e8 la colla che tiene unito il nostro team. Il suo superpotere principale \u00e8 la sua incredibile abilit\u00e0 di organizzare e destreggiarsi tra molti compiti contemporaneamente. Maura si \u00e8 laureata in Economia e Gestione dei Servizi Turistici a febbraio 2024 a Oristano. <\/p>\n\n\n\n<p>Durante gli studi ha accumulato diversi anni di esperienza lavorativa a contatto con il pubblico, il che le ha permesso di affinare le sue capacit\u00e0 comunicative, di problem-solving e di gestione\ndelle relazioni. E' una persona proattiva, con una buona attitudine al lavoro in team e sempre pronta a mettersi in gioco in nuove sfide professionali. Maura ha viaggiato molto ed \u00e8 in grado di comunicare con i nostri clienti in inglese e in italiano.<\/p>\n\n\n\n<p>Maura \u00e8 entrata a far parte del team Reform nel 2024 ed \u00e8 responsabile della comunicazione con i nostri clienti, della gestione delle agende e di assicurarsi che tutti sappiamo dove dobbiamo essere e quando!<\/p>\n<\/div><\/div>","protected":false},"excerpt":{"rendered":"<p>Juliet Raine Physiotherapist and Ergonomics Consultant Juliet qualified from Northumbria University in 2005 as a physiotherapist.&nbsp;She worked for three years for the rehabilitation services of Newcastle upon Tyne Hospitals NHS Foundation Trust. During this time she gained invaluable experience treating a huge variety of conditions from paediatrics to plastic surgery, long term respiratory conditions to [&hellip;]<\/p>","protected":false},"author":1,"featured_media":0,"parent":0,"menu_order":0,"comment_status":"closed","ping_status":"closed","template":"","meta":{"om_disable_all_campaigns":false,"_monsterinsights_skip_tracking":false,"_monsterinsights_sitenote_active":false,"_monsterinsights_sitenote_note":"","_monsterinsights_sitenote_category":0,"footnotes":""},"class_list":["post-247","page","type-page","status-publish","hentry"],"yoast_head":"<!-- This site is optimized with the Yoast SEO plugin v27.4 - https:\/\/yoast.com\/product\/yoast-seo-wordpress\/ -->\n<title>About us -<\/title>\n<meta name=\"robots\" content=\"index, follow, max-snippet:-1, max-image-preview:large, max-video-preview:-1\" \/>\n<link rel=\"canonical\" href=\"https:\/\/reformfisio.com\/it\/about-us\/\" \/>\n<meta property=\"og:locale\" content=\"it_IT\" \/>\n<meta property=\"og:type\" content=\"article\" \/>\n<meta property=\"og:title\" content=\"About us -\" \/>\n<meta property=\"og:description\" content=\"Juliet Raine Physiotherapist and Ergonomics Consultant Juliet qualified from Northumbria University in 2005 as a physiotherapist.&nbsp;She worked for three years for the rehabilitation services of Newcastle upon Tyne Hospitals NHS Foundation Trust. During this time she gained invaluable experience treating a huge variety of conditions from paediatrics to plastic surgery, long term respiratory conditions to [&hellip;]\" \/>\n<meta property=\"og:url\" content=\"https:\/\/reformfisio.com\/it\/about-us\/\" \/>\n<meta property=\"article:publisher\" content=\"https:\/\/www.facebook.com\/reform.fisio\" \/>\n<meta property=\"article:modified_time\" content=\"2025-04-21T14:01:37+00:00\" \/>\n<meta property=\"og:image\" content=\"https:\/\/reformfisio.com\/wp-content\/uploads\/2024\/09\/Foto-Juliet-Raine-Fisioterapista-square.jpg\" \/>\n\t<meta property=\"og:image:width\" content=\"1556\" \/>\n\t<meta property=\"og:image:height\" content=\"1556\" \/>\n\t<meta property=\"og:image:type\" content=\"image\/jpeg\" \/>\n<meta name=\"twitter:card\" content=\"summary_large_image\" \/>\n<meta name=\"twitter:label1\" content=\"Tempo di lettura stimato\" \/>\n\t<meta name=\"twitter:data1\" content=\"4 minuti\" \/>\n<script type=\"application\/ld+json\" class=\"yoast-schema-graph\">{\"@context\":\"https:\\\/\\\/schema.org\",\"@graph\":[{\"@type\":\"WebPage\",\"@id\":\"https:\\\/\\\/reformfisio.com\\\/about-us\\\/\",\"url\":\"https:\\\/\\\/reformfisio.com\\\/about-us\\\/\",\"name\":\"About us -\",\"isPartOf\":{\"@id\":\"https:\\\/\\\/reformfisio.com\\\/#website\"},\"primaryImageOfPage\":{\"@id\":\"https:\\\/\\\/reformfisio.com\\\/about-us\\\/#primaryimage\"},\"image\":{\"@id\":\"https:\\\/\\\/reformfisio.com\\\/about-us\\\/#primaryimage\"},\"thumbnailUrl\":\"https:\\\/\\\/reformfisio.com\\\/wp-content\\\/uploads\\\/2024\\\/09\\\/Foto-Juliet-Raine-Fisioterapista-square-1024x1024.jpg\",\"datePublished\":\"2023-06-02T16:57:17+00:00\",\"dateModified\":\"2025-04-21T14:01:37+00:00\",\"breadcrumb\":{\"@id\":\"https:\\\/\\\/reformfisio.com\\\/about-us\\\/#breadcrumb\"},\"inLanguage\":\"it-IT\",\"potentialAction\":[{\"@type\":\"ReadAction\",\"target\":[\"https:\\\/\\\/reformfisio.com\\\/about-us\\\/\"]}]},{\"@type\":\"ImageObject\",\"inLanguage\":\"it-IT\",\"@id\":\"https:\\\/\\\/reformfisio.com\\\/about-us\\\/#primaryimage\",\"url\":\"https:\\\/\\\/reformfisio.com\\\/wp-content\\\/uploads\\\/2024\\\/09\\\/Foto-Juliet-Raine-Fisioterapista-square-1024x1024.jpg\",\"contentUrl\":\"https:\\\/\\\/reformfisio.com\\\/wp-content\\\/uploads\\\/2024\\\/09\\\/Foto-Juliet-Raine-Fisioterapista-square-1024x1024.jpg\"},{\"@type\":\"BreadcrumbList\",\"@id\":\"https:\\\/\\\/reformfisio.com\\\/about-us\\\/#breadcrumb\",\"itemListElement\":[{\"@type\":\"ListItem\",\"position\":1,\"name\":\"Home\",\"item\":\"https:\\\/\\\/reformfisio.com\\\/\"},{\"@type\":\"ListItem\",\"position\":2,\"name\":\"About us\"}]},{\"@type\":\"WebSite\",\"@id\":\"https:\\\/\\\/reformfisio.com\\\/#website\",\"url\":\"https:\\\/\\\/reformfisio.com\\\/\",\"name\":\"reformfisio.com\",\"description\":\"\",\"publisher\":{\"@id\":\"https:\\\/\\\/reformfisio.com\\\/#organization\"},\"potentialAction\":[{\"@type\":\"SearchAction\",\"target\":{\"@type\":\"EntryPoint\",\"urlTemplate\":\"https:\\\/\\\/reformfisio.com\\\/?s={search_term_string}\"},\"query-input\":{\"@type\":\"PropertyValueSpecification\",\"valueRequired\":true,\"valueName\":\"search_term_string\"}}],\"inLanguage\":\"it-IT\"},{\"@type\":\"Organization\",\"@id\":\"https:\\\/\\\/reformfisio.com\\\/#organization\",\"name\":\"reformfisio\",\"url\":\"https:\\\/\\\/reformfisio.com\\\/\",\"logo\":{\"@type\":\"ImageObject\",\"inLanguage\":\"it-IT\",\"@id\":\"https:\\\/\\\/reformfisio.com\\\/#\\\/schema\\\/logo\\\/image\\\/\",\"url\":\"https:\\\/\\\/reformfisio.com\\\/wp-content\\\/uploads\\\/2023\\\/05\\\/cropped-1REFORMcolore-e1684168348470-1.png\",\"contentUrl\":\"https:\\\/\\\/reformfisio.com\\\/wp-content\\\/uploads\\\/2023\\\/05\\\/cropped-1REFORMcolore-e1684168348470-1.png\",\"width\":463,\"height\":221,\"caption\":\"reformfisio\"},\"image\":{\"@id\":\"https:\\\/\\\/reformfisio.com\\\/#\\\/schema\\\/logo\\\/image\\\/\"},\"sameAs\":[\"https:\\\/\\\/www.facebook.com\\\/reform.fisio\",\"https:\\\/\\\/www.instagram.com\\\/reform.fisio\\\/\"]}]}<\/script>\n<!-- \/ Yoast SEO plugin. -->","yoast_head_json":{"title":"About us -","robots":{"index":"index","follow":"follow","max-snippet":"max-snippet:-1","max-image-preview":"max-image-preview:large","max-video-preview":"max-video-preview:-1"},"canonical":"https:\/\/reformfisio.com\/it\/about-us\/","og_locale":"it_IT","og_type":"article","og_title":"About us -","og_description":"Juliet Raine Physiotherapist and Ergonomics Consultant Juliet qualified from Northumbria University in 2005 as a physiotherapist.&nbsp;She worked for three years for the rehabilitation services of Newcastle upon Tyne Hospitals NHS Foundation Trust. During this time she gained invaluable experience treating a huge variety of conditions from paediatrics to plastic surgery, long term respiratory conditions to [&hellip;]","og_url":"https:\/\/reformfisio.com\/it\/about-us\/","article_publisher":"https:\/\/www.facebook.com\/reform.fisio","article_modified_time":"2025-04-21T14:01:37+00:00","og_image":[{"width":1556,"height":1556,"url":"https:\/\/reformfisio.com\/wp-content\/uploads\/2024\/09\/Foto-Juliet-Raine-Fisioterapista-square.jpg","type":"image\/jpeg"}],"twitter_card":"summary_large_image","twitter_misc":{"Tempo di lettura stimato":"4 minuti"},"schema":{"@context":"https:\/\/schema.org","@graph":[{"@type":"WebPage","@id":"https:\/\/reformfisio.com\/about-us\/","url":"https:\/\/reformfisio.com\/about-us\/","name":"About us -","isPartOf":{"@id":"https:\/\/reformfisio.com\/#website"},"primaryImageOfPage":{"@id":"https:\/\/reformfisio.com\/about-us\/#primaryimage"},"image":{"@id":"https:\/\/reformfisio.com\/about-us\/#primaryimage"},"thumbnailUrl":"https:\/\/reformfisio.com\/wp-content\/uploads\/2024\/09\/Foto-Juliet-Raine-Fisioterapista-square-1024x1024.jpg","datePublished":"2023-06-02T16:57:17+00:00","dateModified":"2025-04-21T14:01:37+00:00","breadcrumb":{"@id":"https:\/\/reformfisio.com\/about-us\/#breadcrumb"},"inLanguage":"it-IT","potentialAction":[{"@type":"ReadAction","target":["https:\/\/reformfisio.com\/about-us\/"]}]},{"@type":"ImageObject","inLanguage":"it-IT","@id":"https:\/\/reformfisio.com\/about-us\/#primaryimage","url":"https:\/\/reformfisio.com\/wp-content\/uploads\/2024\/09\/Foto-Juliet-Raine-Fisioterapista-square-1024x1024.jpg","contentUrl":"https:\/\/reformfisio.com\/wp-content\/uploads\/2024\/09\/Foto-Juliet-Raine-Fisioterapista-square-1024x1024.jpg"},{"@type":"BreadcrumbList","@id":"https:\/\/reformfisio.com\/about-us\/#breadcrumb","itemListElement":[{"@type":"ListItem","position":1,"name":"Home","item":"https:\/\/reformfisio.com\/"},{"@type":"ListItem","position":2,"name":"About us"}]},{"@type":"WebSite","@id":"https:\/\/reformfisio.com\/#website","url":"https:\/\/reformfisio.com\/","name":"reformfisio.com","description":"","publisher":{"@id":"https:\/\/reformfisio.com\/#organization"},"potentialAction":[{"@type":"SearchAction","target":{"@type":"EntryPoint","urlTemplate":"https:\/\/reformfisio.com\/?s={search_term_string}"},"query-input":{"@type":"PropertyValueSpecification","valueRequired":true,"valueName":"search_term_string"}}],"inLanguage":"it-IT"},{"@type":"Organization","@id":"https:\/\/reformfisio.com\/#organization","name":"reformfisio","url":"https:\/\/reformfisio.com\/","logo":{"@type":"ImageObject","inLanguage":"it-IT","@id":"https:\/\/reformfisio.com\/#\/schema\/logo\/image\/","url":"https:\/\/reformfisio.com\/wp-content\/uploads\/2023\/05\/cropped-1REFORMcolore-e1684168348470-1.png","contentUrl":"https:\/\/reformfisio.com\/wp-content\/uploads\/2023\/05\/cropped-1REFORMcolore-e1684168348470-1.png","width":463,"height":221,"caption":"reformfisio"},"image":{"@id":"https:\/\/reformfisio.com\/#\/schema\/logo\/image\/"},"sameAs":["https:\/\/www.facebook.com\/reform.fisio","https:\/\/www.instagram.com\/reform.fisio\/"]}]}},"jetpack_sharing_enabled":true,"_links":{"self":[{"href":"https:\/\/reformfisio.com\/it\/wp-json\/wp\/v2\/pages\/247","targetHints":{"allow":["GET"]}}],"collection":[{"href":"https:\/\/reformfisio.com\/it\/wp-json\/wp\/v2\/pages"}],"about":[{"href":"https:\/\/reformfisio.com\/it\/wp-json\/wp\/v2\/types\/page"}],"author":[{"embeddable":true,"href":"https:\/\/reformfisio.com\/it\/wp-json\/wp\/v2\/users\/1"}],"replies":[{"embeddable":true,"href":"https:\/\/reformfisio.com\/it\/wp-json\/wp\/v2\/comments?post=247"}],"version-history":[{"count":19,"href":"https:\/\/reformfisio.com\/it\/wp-json\/wp\/v2\/pages\/247\/revisions"}],"predecessor-version":[{"id":593,"href":"https:\/\/reformfisio.com\/it\/wp-json\/wp\/v2\/pages\/247\/revisions\/593"}],"wp:attachment":[{"href":"https:\/\/reformfisio.com\/it\/wp-json\/wp\/v2\/media?parent=247"}],"curies":[{"name":"wp","href":"https:\/\/api.w.org\/{rel}","templated":true}]}}