{"id":381,"date":"2023-12-29T19:05:23","date_gmt":"2023-12-29T19:05:23","guid":{"rendered":"https:\/\/reformfisio.com\/?page_id=381"},"modified":"2026-03-06T13:39:26","modified_gmt":"2026-03-06T13:39:26","slug":"prices","status":"publish","type":"page","link":"https:\/\/reformfisio.com\/it\/prices\/","title":{"rendered":"Prezzi"},"content":{"rendered":"<h2 class=\"wp-block-heading\">Fisioterapia<\/h2>\n\n\n\n<figure class=\"wp-block-table\"><table><tbody><tr><td><strong>Trattamento<\/strong><\/td><td><strong>Durata<\/strong><\/td><td><strong>Costo<\/strong><\/td><\/tr><tr><td>Prima valutazione<\/td><td>45 minuti<\/td><td>\u20ac60.00<\/td><\/tr><tr><td>Trattamento regolare<\/td><td>45 minuti<\/td><td>\u20ac60.00<\/td><\/tr><tr><td>Mini trattamento<\/td><td>20 minuti<\/td><td>\u20ac35.00<\/td><\/tr><\/tbody><\/table><\/figure>\n\n\n\n<h2 class=\"wp-block-heading\">Pacchetti di trattamento fisioterapico<\/h2>\n\n\n\n<p>Quando \u00e8 necessario un ciclo di trattamento, \u00e8 possibile acquistare un pacchetto di trattamenti. Il pagamento del pacchetto verr\u00e0 effettuato in prima seduta. I pacchetti devono essere utilizzati entro un anno dalla data di acquisto e possono essere utilizzati per fisioterapia, riabilitazione individuale o lezioni di Pilates individuali.<\/p>\n\n\n\n<figure class=\"wp-block-table\"><table><tbody><tr><td><strong>Numero di trattamenti<\/strong><\/td><td><strong>Durata di ogni sessione<\/strong><\/td><td><strong>Costo<\/strong><\/td><\/tr><tr><td>3 Trattamenti<\/td><td>45 minuti<\/td><td>\u20ac168.00<\/td><\/tr><tr><td>5 Trattamenti<\/td><td>20 minuti<\/td><td>\u20ac163.00<\/td><\/tr><tr><td>5 Trattamenti<\/td><td>45 minuti<\/td><td>\u20ac263.00<\/td><\/tr><tr><td>10 Trattamenti<\/td><td>20 minuti<\/td><td>\u20ac303.00<\/td><\/tr><tr><td>10 Trattamenti<\/td><td>45 minuti<\/td><td>\u20ac503.00<\/td><\/tr><\/tbody><\/table><\/figure>\n\n\n\n<h2 class=\"wp-block-heading\">Lezioni di Pilates di gruppo<\/h2>\n\n\n\n<p>Le lezioni sono organizzate in blocchi di sei settimane per consentire al gruppo di progredire insieme. Ogni lezione dura 50 minuti. Il pagamento viene effettuato in anticipo rispetto all'inizio del corso per garantire un posto nel gruppo. Quando la disponibilit\u00e0 lo consente, \u00e8 possibile recuperare una lezione non usufruita, purch\u00e9 l'assenza sia stata comunicata in tempo. \u00c8 necessario completare uno screening gratuito prima di iniziare le lezioni. Questi vengono organizzati ogni 4-6 settimane. \u00c8 necessario completare almeno un corso di lezioni di gruppo di Matwork o alcune lezioni private prima di iniziare le lezioni di gruppo di Reformer. Questo per la sicurezza di ogni partecipante alla lezione. <\/p>\n\n\n\n<figure class=\"wp-block-table\"><table><tbody><tr><td><strong>Tipologia<\/strong><\/td><td><strong>Tipologia<\/strong><\/td><td><strong>Costo a lezione<\/strong><\/td><\/tr><tr><td>Una lezione a settimana Matwork \u2013 Pacchetto di sei settimane<\/td><td>Matwork<\/td><td>\u20ac12.50<\/td><\/tr><tr><td>Una lezione a settimana Reformer \u2013 Pacchetto di sei settimane<\/td><td>Reformer<\/td><td>\u20ac20.00<\/td><\/tr><tr><td>Due lezioni a settimana Matwork \u2013 Pacchetto di sei settimane<\/td><td>Matwork<\/td><td>\u20ac11.50<\/td><\/tr><tr><td>Due lezioni a settimana Reformer \u2013 Pacchetto di sei settimane<\/td><td>Reformer<\/td><td>\u20ac18.50<\/td><\/tr><tr><td>Due lezioni a settimana Mix \u2013 Pacchetto di sei settimane<\/td><td>1 Matwork + 1 Reformer<\/td><td>\u20ac15.00<\/td><\/tr><tr><td>Tre lezioni a settimana Matwork \u2013 Pacchetto di sei settimane<\/td><td>Matwork<\/td><td>\u20ac10.50<\/td><\/tr><tr><td>Tre lezioni a settimana Mix \u2013 Pacchetto di sei settimane<\/td><td>2 Matwork + 1 Reformer<\/td><td>\u20ac13.50<\/td><\/tr><tr><td>Tre lezioni a settimana Mix \u2013 Pacchetto di sei settimane<\/td><td>1 Matwork + 2 Reformer<\/td><td>\u20ac16.00<\/td><\/tr><tr><td>Quattro lezioni a settimana Mix \u2013 Pacchetto di sei settimane<\/td><td>2 Matwork + 2 Reformer<\/td><td>\u20ac14.50<\/td><\/tr><\/tbody><\/table><\/figure>\n\n\n\n<h2 class=\"wp-block-heading\">Lezioni di Pilates Private<\/h2>\n\n\n\n<p>\u00c8 possibile prenotare lezioni private di Pilates Matwork o Reformer. Il costo della lezione varia in base al numero di persone nel gruppo. Per una lezione privata per una persona \u00e8 possibile acquistare un Pacchetto di Trattamento Fisioterapico (vedi prezzi sopra). I pacchetti non sono validi per lezioni private con due o pi\u00f9 persone.<\/p>\n\n\n\n<figure class=\"wp-block-table\"><table><tbody><tr><td><strong>Tipologia<\/strong><\/td><td><strong>Tipologia<\/strong><\/td><td><strong>Costo a lezione<\/strong><\/td><\/tr><tr><td>Una persona<\/td><td>Matwork\/Reformer<\/td><td>\u20ac60.00<\/td><\/tr><tr><td>Due persone<\/td><td>Matwork\/Reformer<\/td><td>\u20ac30.00<\/td><\/tr><tr><td>Tre o pi\u00f9 persone<\/td><td>Matwork\/Reformer<\/td><td>\u20ac25.00<\/td><\/tr><\/tbody><\/table><\/figure>","protected":false},"excerpt":{"rendered":"<p>Physiotherapy Treatment Duration Cost First Assessment 45 minutes \u20ac60.00 Follow up treatment 45 minutes \u20ac60.00 Mini treatment 20 minutes \u20ac35.00 Physiotherapy treatment packages When there is a requirement for a course of treatment, it is possible to purchase a package of treatments. Payment for the package will be taken prior to the first session. Packages [&hellip;]<\/p>","protected":false},"author":1,"featured_media":0,"parent":0,"menu_order":0,"comment_status":"closed","ping_status":"closed","template":"","meta":{"om_disable_all_campaigns":false,"_monsterinsights_skip_tracking":false,"_monsterinsights_sitenote_active":false,"_monsterinsights_sitenote_note":"","_monsterinsights_sitenote_category":0,"footnotes":""},"class_list":["post-381","page","type-page","status-publish","hentry"],"yoast_head":"<!-- This site is optimized with the Yoast SEO plugin v27.4 - https:\/\/yoast.com\/product\/yoast-seo-wordpress\/ -->\n<title>Prices -<\/title>\n<meta name=\"robots\" content=\"index, follow, max-snippet:-1, max-image-preview:large, max-video-preview:-1\" \/>\n<link rel=\"canonical\" href=\"https:\/\/reformfisio.com\/it\/prices\/\" \/>\n<meta property=\"og:locale\" content=\"it_IT\" \/>\n<meta property=\"og:type\" content=\"article\" \/>\n<meta property=\"og:title\" content=\"Prices -\" \/>\n<meta property=\"og:description\" content=\"Physiotherapy Treatment Duration Cost First Assessment 45 minutes \u20ac60.00 Follow up treatment 45 minutes \u20ac60.00 Mini treatment 20 minutes \u20ac35.00 Physiotherapy treatment packages When there is a requirement for a course of treatment, it is possible to purchase a package of treatments. Payment for the package will be taken prior to the first session. Packages [&hellip;]\" \/>\n<meta property=\"og:url\" content=\"https:\/\/reformfisio.com\/it\/prices\/\" \/>\n<meta property=\"article:publisher\" content=\"https:\/\/www.facebook.com\/reform.fisio\" \/>\n<meta property=\"article:modified_time\" content=\"2026-03-06T13:39:26+00:00\" \/>\n<meta name=\"twitter:card\" content=\"summary_large_image\" \/>\n<meta name=\"twitter:label1\" content=\"Tempo di lettura stimato\" \/>\n\t<meta name=\"twitter:data1\" content=\"2 minuti\" \/>\n<script type=\"application\/ld+json\" class=\"yoast-schema-graph\">{\"@context\":\"https:\\\/\\\/schema.org\",\"@graph\":[{\"@type\":\"WebPage\",\"@id\":\"https:\\\/\\\/reformfisio.com\\\/prices\\\/\",\"url\":\"https:\\\/\\\/reformfisio.com\\\/prices\\\/\",\"name\":\"Prices -\",\"isPartOf\":{\"@id\":\"https:\\\/\\\/reformfisio.com\\\/#website\"},\"datePublished\":\"2023-12-29T19:05:23+00:00\",\"dateModified\":\"2026-03-06T13:39:26+00:00\",\"breadcrumb\":{\"@id\":\"https:\\\/\\\/reformfisio.com\\\/prices\\\/#breadcrumb\"},\"inLanguage\":\"it-IT\",\"potentialAction\":[{\"@type\":\"ReadAction\",\"target\":[\"https:\\\/\\\/reformfisio.com\\\/prices\\\/\"]}]},{\"@type\":\"BreadcrumbList\",\"@id\":\"https:\\\/\\\/reformfisio.com\\\/prices\\\/#breadcrumb\",\"itemListElement\":[{\"@type\":\"ListItem\",\"position\":1,\"name\":\"Home\",\"item\":\"https:\\\/\\\/reformfisio.com\\\/\"},{\"@type\":\"ListItem\",\"position\":2,\"name\":\"Prices\"}]},{\"@type\":\"WebSite\",\"@id\":\"https:\\\/\\\/reformfisio.com\\\/#website\",\"url\":\"https:\\\/\\\/reformfisio.com\\\/\",\"name\":\"reformfisio.com\",\"description\":\"\",\"publisher\":{\"@id\":\"https:\\\/\\\/reformfisio.com\\\/#organization\"},\"potentialAction\":[{\"@type\":\"SearchAction\",\"target\":{\"@type\":\"EntryPoint\",\"urlTemplate\":\"https:\\\/\\\/reformfisio.com\\\/?s={search_term_string}\"},\"query-input\":{\"@type\":\"PropertyValueSpecification\",\"valueRequired\":true,\"valueName\":\"search_term_string\"}}],\"inLanguage\":\"it-IT\"},{\"@type\":\"Organization\",\"@id\":\"https:\\\/\\\/reformfisio.com\\\/#organization\",\"name\":\"reformfisio\",\"url\":\"https:\\\/\\\/reformfisio.com\\\/\",\"logo\":{\"@type\":\"ImageObject\",\"inLanguage\":\"it-IT\",\"@id\":\"https:\\\/\\\/reformfisio.com\\\/#\\\/schema\\\/logo\\\/image\\\/\",\"url\":\"https:\\\/\\\/reformfisio.com\\\/wp-content\\\/uploads\\\/2023\\\/05\\\/cropped-1REFORMcolore-e1684168348470-1.png\",\"contentUrl\":\"https:\\\/\\\/reformfisio.com\\\/wp-content\\\/uploads\\\/2023\\\/05\\\/cropped-1REFORMcolore-e1684168348470-1.png\",\"width\":463,\"height\":221,\"caption\":\"reformfisio\"},\"image\":{\"@id\":\"https:\\\/\\\/reformfisio.com\\\/#\\\/schema\\\/logo\\\/image\\\/\"},\"sameAs\":[\"https:\\\/\\\/www.facebook.com\\\/reform.fisio\",\"https:\\\/\\\/www.instagram.com\\\/reform.fisio\\\/\"]}]}<\/script>\n<!-- \/ Yoast SEO plugin. -->","yoast_head_json":{"title":"Prices -","robots":{"index":"index","follow":"follow","max-snippet":"max-snippet:-1","max-image-preview":"max-image-preview:large","max-video-preview":"max-video-preview:-1"},"canonical":"https:\/\/reformfisio.com\/it\/prices\/","og_locale":"it_IT","og_type":"article","og_title":"Prices -","og_description":"Physiotherapy Treatment Duration Cost First Assessment 45 minutes \u20ac60.00 Follow up treatment 45 minutes \u20ac60.00 Mini treatment 20 minutes \u20ac35.00 Physiotherapy treatment packages When there is a requirement for a course of treatment, it is possible to purchase a package of treatments. Payment for the package will be taken prior to the first session. Packages [&hellip;]","og_url":"https:\/\/reformfisio.com\/it\/prices\/","article_publisher":"https:\/\/www.facebook.com\/reform.fisio","article_modified_time":"2026-03-06T13:39:26+00:00","twitter_card":"summary_large_image","twitter_misc":{"Tempo di lettura stimato":"2 minuti"},"schema":{"@context":"https:\/\/schema.org","@graph":[{"@type":"WebPage","@id":"https:\/\/reformfisio.com\/prices\/","url":"https:\/\/reformfisio.com\/prices\/","name":"Prices -","isPartOf":{"@id":"https:\/\/reformfisio.com\/#website"},"datePublished":"2023-12-29T19:05:23+00:00","dateModified":"2026-03-06T13:39:26+00:00","breadcrumb":{"@id":"https:\/\/reformfisio.com\/prices\/#breadcrumb"},"inLanguage":"it-IT","potentialAction":[{"@type":"ReadAction","target":["https:\/\/reformfisio.com\/prices\/"]}]},{"@type":"BreadcrumbList","@id":"https:\/\/reformfisio.com\/prices\/#breadcrumb","itemListElement":[{"@type":"ListItem","position":1,"name":"Home","item":"https:\/\/reformfisio.com\/"},{"@type":"ListItem","position":2,"name":"Prices"}]},{"@type":"WebSite","@id":"https:\/\/reformfisio.com\/#website","url":"https:\/\/reformfisio.com\/","name":"reformfisio.com","description":"","publisher":{"@id":"https:\/\/reformfisio.com\/#organization"},"potentialAction":[{"@type":"SearchAction","target":{"@type":"EntryPoint","urlTemplate":"https:\/\/reformfisio.com\/?s={search_term_string}"},"query-input":{"@type":"PropertyValueSpecification","valueRequired":true,"valueName":"search_term_string"}}],"inLanguage":"it-IT"},{"@type":"Organization","@id":"https:\/\/reformfisio.com\/#organization","name":"reformfisio","url":"https:\/\/reformfisio.com\/","logo":{"@type":"ImageObject","inLanguage":"it-IT","@id":"https:\/\/reformfisio.com\/#\/schema\/logo\/image\/","url":"https:\/\/reformfisio.com\/wp-content\/uploads\/2023\/05\/cropped-1REFORMcolore-e1684168348470-1.png","contentUrl":"https:\/\/reformfisio.com\/wp-content\/uploads\/2023\/05\/cropped-1REFORMcolore-e1684168348470-1.png","width":463,"height":221,"caption":"reformfisio"},"image":{"@id":"https:\/\/reformfisio.com\/#\/schema\/logo\/image\/"},"sameAs":["https:\/\/www.facebook.com\/reform.fisio","https:\/\/www.instagram.com\/reform.fisio\/"]}]}},"jetpack_sharing_enabled":true,"_links":{"self":[{"href":"https:\/\/reformfisio.com\/it\/wp-json\/wp\/v2\/pages\/381","targetHints":{"allow":["GET"]}}],"collection":[{"href":"https:\/\/reformfisio.com\/it\/wp-json\/wp\/v2\/pages"}],"about":[{"href":"https:\/\/reformfisio.com\/it\/wp-json\/wp\/v2\/types\/page"}],"author":[{"embeddable":true,"href":"https:\/\/reformfisio.com\/it\/wp-json\/wp\/v2\/users\/1"}],"replies":[{"embeddable":true,"href":"https:\/\/reformfisio.com\/it\/wp-json\/wp\/v2\/comments?post=381"}],"version-history":[{"count":19,"href":"https:\/\/reformfisio.com\/it\/wp-json\/wp\/v2\/pages\/381\/revisions"}],"predecessor-version":[{"id":603,"href":"https:\/\/reformfisio.com\/it\/wp-json\/wp\/v2\/pages\/381\/revisions\/603"}],"wp:attachment":[{"href":"https:\/\/reformfisio.com\/it\/wp-json\/wp\/v2\/media?parent=381"}],"curies":[{"name":"wp","href":"https:\/\/api.w.org\/{rel}","templated":true}]}}